{"id":6878,"date":"2018-04-03T11:59:31","date_gmt":"2018-04-03T11:59:31","guid":{"rendered":"https:\/\/rentalpanda.es\/?page_id=6878"},"modified":"2023-07-28T04:26:33","modified_gmt":"2023-07-28T04:26:33","slug":"rental-car-information","status":"publish","type":"page","link":"https:\/\/rentalpanda.es\/en\/mietwagen-informationen\/","title":{"rendered":"Rental Car Information"},"content":{"rendered":"<div class=\"wpb-content-wrapper\"><div class=\"vc_row wpb_row row top-row wpb_custom_034b39d9bc6c6b310d69e39f0ccf274f\"><div class=\"vc_column_container col-md-12\"><div class=\"wpb_wrapper vc_column-inner\"><h3  class=\"vc_custom_heading vc_do_custom_heading wpb_custom_aa365bd5046e8294520b4e73732b9d15 align-left\" ><strong>Rental car<\/strong>-information<\/h3>\r\n\t<div class=\"wpb_text_column wpb_content_element wpb_custom_7c91d232724f73626cc933bd95b25ff0\" >\r\n\t\t<div class=\"wpb_wrapper\">\r\n\t\t\t<p>Dear RentalPanda Customers,<\/p>\n<p>We have repeatedly heard that there can be issues with booking a rental car for your Mallorca vacation. For example, those who book through well-known car rental platforms often focus primarily on the price rather than the quality \u2013 which is, of course, completely understandable.<\/p>\n<p>BUT, here\u2019s a big \u201cbut\u201d: not every car rental provider on Mallorca delivers good service. We have received multiple reports that some providers practically \u201cforce\u201d their customers to purchase additional, often unnecessary insurance policies \u2013 which can lead to significant extra costs, sometimes amounting to several hundred euros!<\/p>\n<p>Our advice: don\u2019t let yourself be talked into buying this or that additional insurance when picking up your rental car in Mallorca. Make sure to inform yourself thoroughly in advance, especially when booking online, about what is included in the insurance coverage and what isn\u2019t.<\/p>\n<p><strong>OUR RECOMMENDATION<\/strong>: At <a href=\"https:\/\/www.awin1.com\/awclick.php?gid=332966&amp;mid=9364&amp;awinaffid=509828&amp;linkid=2126249&amp;clickref=\" target=\"_blank\" rel=\"noopener\">Check24.com<\/a> you\u2019ll not only find great deals from the largest car rental companies, but it also clearly indicates which providers have received poor ratings in the past and should therefore be avoided. This way, you can book your rental car in Mallorca safely and without unexpected extra costs!<\/p>\n<p><a href=\"https:\/\/www.awin1.com\/cread.php?s=2126235&amp;v=9364&amp;q=332961&amp;r=509828\"><img decoding=\"async\" src=\"https:\/\/www.awin1.com\/cshow.php?s=2126235&amp;v=9364&amp;q=332961&amp;r=509828\" border=\"0\" \/><\/a><\/p>\n<p>&nbsp;<\/p>\n<hr \/>\n<p>&nbsp;<\/p>\n<p><strong>The Magic of Mallorca<\/strong><\/p>\n<p>Rent a car in Mallorca and visit some of Europe\u2019s most unusual and stunning attractions, including the picturesque ruins of Alar\u00f3 Castle and the unforgettable Gothic beauty of Palma Cathedral, located in the vibrant capital. A trip to Magaluf (great for kids and water parks) or Playa de Palma is also highly recommended. Explore all the island\u2019s highlights with your Mallorca rental car.<\/p>\n<p><strong>Mallorca: Nature Adventure Park<\/strong><\/p>\n<p>With truly astonishing and impressive natural spectacles, Mallorca is ideal for exploring the island by car. Don\u2019t miss the turquoise lakes in the northwest, the wetlands of Mondrag\u00f3 Natural Park, or the protected coastline of Punta de n'Amer. No matter where you travel in Mallorca, the latest rental car models are typically available \u2013 whether you\u2019re looking for a small or medium-sized car, a sedan, a minivan, a spacious family vehicle, or even a luxury car.<\/p>\n<p>A rental car in Mallorca brings you closer to the beauty of the largest Balearic Island: discover historical sites, secluded coves, charming towns, and dreamy villages. Mallorca enchants and will make your trip unforgettable with spectacular views and a wonderful climate.<\/p>\n<p>Mallorca offers friendly, individually designed resorts, remote and luxurious hotels or villas, as well as some of Europe\u2019s best deals for package holidaymakers \u2013 this island is simply a fantastic destination for all types of travelers! Immerse yourself in the natural beauty of this island, explore the magnificent beaches, try the delicious seafood, and learn more about Mallorca\u2019s rich cultural history. But beware: you might fall hopelessly in love with the fascinating island of Mallorca! Book an affordable car in Mallorca and explore the island extensively!<\/p>\n<p><strong>Car Rental in Mallorca<\/strong><\/p>\n<p>The popularity of Mallorca as a travel destination has steadily grown since the early days of tourism. Many artists, academics, and thousands of people \u201clike you and me\u201d have chosen not only to visit the island but to live here permanently. Naturally, Mallorca\u2019s economy largely depends on the tourism industry. Especially in the eastern part of Mallorca, the winter months can often be very quiet. All the more reason, when you\u2019re finally back here, to rent a car and drive around the island to discover Mallorca\u2019s beauties.<\/p>\n<p>Book your rental car in Mallorca online and save a significant amount of money and time compared to booking a car on-site in Mallorca!<\/p>\n<p><a href=\"https:\/\/www.awin1.com\/cread.php?s=2126235&amp;v=9364&amp;q=332961&amp;r=509828\"><img decoding=\"async\" src=\"https:\/\/www.awin1.com\/cshow.php?s=2126235&amp;v=9364&amp;q=332961&amp;r=509828\" border=\"0\" \/><\/a><\/p>\n\r\n\t\t<\/div>\r\n\t<\/div>\r\n<\/div><\/div><\/div>\n<\/div>","protected":false},"excerpt":{"rendered":"Mietwagen-Informationen Liebe RentalPanda-Kunden, uns ist nun schon mehrfach zu Ohren gekommen, dass es zu Problemen bei der Mietwagen-Buchung f\u00fcr deinen Mallorca-Urlaub kommen kann. Wer beispielsweise \u00fcber die bekannten Mietwagen-Portale wie Billiger-Mietwagen.de oder Check24.de bucht, schaut meistens eher erst einmal auf den Preis, als auf die Qualit\u00e4t \u2013 was nat\u00fcrlich v\u00f6llig verst\u00e4ndlich ist. ABER, hier kommt [...]","protected":false},"author":1,"featured_media":0,"parent":0,"menu_order":0,"comment_status":"closed","ping_status":"closed","template":"","meta":{"footnotes":""},"class_list":["post-6878","page","type-page","status-publish","hentry"],"yoast_head":"<!-- This site is optimized with the Yoast SEO plugin v27.1.1 - https:\/\/yoast.com\/product\/yoast-seo-wordpress\/ -->\n<title>Mietwagen-Infos f\u00fcr deinen Urlaub auf Mallorca | RentalPanda.es<\/title>\n<meta name=\"description\" content=\"Buche online deinen Mietwagen auf Mallorca und spare dadurch einiges an Geld im Vergleich zur Mietwagenbuchung vor Ort auf Mallorca!\" \/>\n<meta name=\"robots\" content=\"index, follow, max-snippet:-1, max-image-preview:large, max-video-preview:-1\" \/>\n<link rel=\"canonical\" href=\"https:\/\/rentalpanda.es\/en\/rental-car-information\/\" \/>\n<meta property=\"og:locale\" content=\"en_GB\" \/>\n<meta property=\"og:type\" content=\"article\" \/>\n<meta property=\"og:title\" content=\"Mietwagen-Infos f\u00fcr deinen Urlaub auf Mallorca | RentalPanda.es\" \/>\n<meta property=\"og:description\" content=\"Buche online deinen Mietwagen auf Mallorca und spare dadurch einiges an Geld im Vergleich zur Mietwagenbuchung vor Ort auf Mallorca!\" \/>\n<meta property=\"og:url\" content=\"https:\/\/rentalpanda.es\/en\/rental-car-information\/\" \/>\n<meta property=\"og:site_name\" content=\"RentalPanda.es\" \/>\n<meta property=\"article:publisher\" content=\"https:\/\/www.facebook.com\/rentalpandamallorca\" \/>\n<meta property=\"article:modified_time\" content=\"2023-07-28T04:26:33+00:00\" \/>\n<meta property=\"og:image\" content=\"https:\/\/www.awin1.com\/cshow.php?s=2126235&amp;v=9364&amp;q=332961&amp;r=509828\" \/>\n<meta name=\"twitter:card\" content=\"summary_large_image\" \/>\n<meta name=\"twitter:label1\" content=\"Estimated reading time\" \/>\n\t<meta name=\"twitter:data1\" content=\"4 minutes\" \/>\n<script type=\"application\/ld+json\" class=\"yoast-schema-graph\">{\"@context\":\"https:\/\/schema.org\",\"@graph\":[{\"@type\":\"WebPage\",\"@id\":\"https:\/\/rentalpanda.es\/mietwagen-informationen\/\",\"url\":\"https:\/\/rentalpanda.es\/mietwagen-informationen\/\",\"name\":\"Mietwagen-Infos f\u00fcr deinen Urlaub auf Mallorca | RentalPanda.es\",\"isPartOf\":{\"@id\":\"https:\/\/rentalpanda.es\/en\/#website\"},\"primaryImageOfPage\":{\"@id\":\"https:\/\/rentalpanda.es\/mietwagen-informationen\/#primaryimage\"},\"image\":{\"@id\":\"https:\/\/rentalpanda.es\/mietwagen-informationen\/#primaryimage\"},\"thumbnailUrl\":\"https:\/\/www.awin1.com\/cshow.php?s=2126235&amp;v=9364&amp;q=332961&amp;r=509828\",\"datePublished\":\"2018-04-03T11:59:31+00:00\",\"dateModified\":\"2023-07-28T04:26:33+00:00\",\"description\":\"Buche online deinen Mietwagen auf Mallorca und spare dadurch einiges an Geld im Vergleich zur Mietwagenbuchung vor Ort auf Mallorca!\",\"breadcrumb\":{\"@id\":\"https:\/\/rentalpanda.es\/mietwagen-informationen\/#breadcrumb\"},\"inLanguage\":\"en-GB\",\"potentialAction\":[{\"@type\":\"ReadAction\",\"target\":[\"https:\/\/rentalpanda.es\/mietwagen-informationen\/\"]}]},{\"@type\":\"ImageObject\",\"inLanguage\":\"en-GB\",\"@id\":\"https:\/\/rentalpanda.es\/mietwagen-informationen\/#primaryimage\",\"url\":\"https:\/\/www.awin1.com\/cshow.php?s=2126235&amp;v=9364&amp;q=332961&amp;r=509828\",\"contentUrl\":\"https:\/\/www.awin1.com\/cshow.php?s=2126235&amp;v=9364&amp;q=332961&amp;r=509828\"},{\"@type\":\"BreadcrumbList\",\"@id\":\"https:\/\/rentalpanda.es\/mietwagen-informationen\/#breadcrumb\",\"itemListElement\":[{\"@type\":\"ListItem\",\"position\":1,\"name\":\"Startseite\",\"item\":\"https:\/\/rentalpanda.es\/\"},{\"@type\":\"ListItem\",\"position\":2,\"name\":\"Mietwagen-Informationen\"}]},{\"@type\":\"WebSite\",\"@id\":\"https:\/\/rentalpanda.es\/en\/#website\",\"url\":\"https:\/\/rentalpanda.es\/en\/\",\"name\":\"RentalPanda.es\",\"description\":\"Baby, Beach &amp; Holiday Gear for Rent\",\"publisher\":{\"@id\":\"https:\/\/rentalpanda.es\/en\/#organization\"},\"potentialAction\":[{\"@type\":\"SearchAction\",\"target\":{\"@type\":\"EntryPoint\",\"urlTemplate\":\"https:\/\/rentalpanda.es\/en\/?s={search_term_string}\"},\"query-input\":{\"@type\":\"PropertyValueSpecification\",\"valueRequired\":true,\"valueName\":\"search_term_string\"}}],\"inLanguage\":\"en-GB\"},{\"@type\":\"Organization\",\"@id\":\"https:\/\/rentalpanda.es\/en\/#organization\",\"name\":\"Rentalpanda.es\",\"url\":\"https:\/\/rentalpanda.es\/en\/\",\"logo\":{\"@type\":\"ImageObject\",\"inLanguage\":\"en-GB\",\"@id\":\"https:\/\/rentalpanda.es\/en\/#\/schema\/logo\/image\/\",\"url\":\"https:\/\/rentalpanda.es\/wp-content\/uploads\/2017\/02\/rentalpanda-logo-webseite-end.png\",\"contentUrl\":\"https:\/\/rentalpanda.es\/wp-content\/uploads\/2017\/02\/rentalpanda-logo-webseite-end.png\",\"width\":260,\"height\":71,\"caption\":\"Rentalpanda.es\"},\"image\":{\"@id\":\"https:\/\/rentalpanda.es\/en\/#\/schema\/logo\/image\/\"},\"sameAs\":[\"https:\/\/www.facebook.com\/rentalpandamallorca\"]}]}<\/script>\n<!-- \/ Yoast SEO plugin. -->","yoast_head_json":{"title":"Mietwagen-Infos f\u00fcr deinen Urlaub auf Mallorca | RentalPanda.es","description":"Buche online deinen Mietwagen auf Mallorca und spare dadurch einiges an Geld im Vergleich zur Mietwagenbuchung vor Ort auf Mallorca!","robots":{"index":"index","follow":"follow","max-snippet":"max-snippet:-1","max-image-preview":"max-image-preview:large","max-video-preview":"max-video-preview:-1"},"canonical":"https:\/\/rentalpanda.es\/en\/rental-car-information\/","og_locale":"en_GB","og_type":"article","og_title":"Mietwagen-Infos f\u00fcr deinen Urlaub auf Mallorca | RentalPanda.es","og_description":"Buche online deinen Mietwagen auf Mallorca und spare dadurch einiges an Geld im Vergleich zur Mietwagenbuchung vor Ort auf Mallorca!","og_url":"https:\/\/rentalpanda.es\/en\/rental-car-information\/","og_site_name":"RentalPanda.es","article_publisher":"https:\/\/www.facebook.com\/rentalpandamallorca","article_modified_time":"2023-07-28T04:26:33+00:00","og_image":[{"url":"https:\/\/www.awin1.com\/cshow.php?s=2126235&amp;v=9364&amp;q=332961&amp;r=509828","type":"","width":"","height":""}],"twitter_card":"summary_large_image","twitter_misc":{"Estimated reading time":"4 minutes"},"schema":{"@context":"https:\/\/schema.org","@graph":[{"@type":"WebPage","@id":"https:\/\/rentalpanda.es\/mietwagen-informationen\/","url":"https:\/\/rentalpanda.es\/mietwagen-informationen\/","name":"Mietwagen-Infos f\u00fcr deinen Urlaub auf Mallorca | RentalPanda.es","isPartOf":{"@id":"https:\/\/rentalpanda.es\/en\/#website"},"primaryImageOfPage":{"@id":"https:\/\/rentalpanda.es\/mietwagen-informationen\/#primaryimage"},"image":{"@id":"https:\/\/rentalpanda.es\/mietwagen-informationen\/#primaryimage"},"thumbnailUrl":"https:\/\/www.awin1.com\/cshow.php?s=2126235&amp;v=9364&amp;q=332961&amp;r=509828","datePublished":"2018-04-03T11:59:31+00:00","dateModified":"2023-07-28T04:26:33+00:00","description":"Buche online deinen Mietwagen auf Mallorca und spare dadurch einiges an Geld im Vergleich zur Mietwagenbuchung vor Ort auf Mallorca!","breadcrumb":{"@id":"https:\/\/rentalpanda.es\/mietwagen-informationen\/#breadcrumb"},"inLanguage":"en-GB","potentialAction":[{"@type":"ReadAction","target":["https:\/\/rentalpanda.es\/mietwagen-informationen\/"]}]},{"@type":"ImageObject","inLanguage":"en-GB","@id":"https:\/\/rentalpanda.es\/mietwagen-informationen\/#primaryimage","url":"https:\/\/www.awin1.com\/cshow.php?s=2126235&amp;v=9364&amp;q=332961&amp;r=509828","contentUrl":"https:\/\/www.awin1.com\/cshow.php?s=2126235&amp;v=9364&amp;q=332961&amp;r=509828"},{"@type":"BreadcrumbList","@id":"https:\/\/rentalpanda.es\/mietwagen-informationen\/#breadcrumb","itemListElement":[{"@type":"ListItem","position":1,"name":"Startseite","item":"https:\/\/rentalpanda.es\/"},{"@type":"ListItem","position":2,"name":"Mietwagen-Informationen"}]},{"@type":"WebSite","@id":"https:\/\/rentalpanda.es\/en\/#website","url":"https:\/\/rentalpanda.es\/en\/","name":"RentalPanda.es","description":"Baby, Beach &amp; Holiday Gear for Rent","publisher":{"@id":"https:\/\/rentalpanda.es\/en\/#organization"},"potentialAction":[{"@type":"SearchAction","target":{"@type":"EntryPoint","urlTemplate":"https:\/\/rentalpanda.es\/en\/?s={search_term_string}"},"query-input":{"@type":"PropertyValueSpecification","valueRequired":true,"valueName":"search_term_string"}}],"inLanguage":"en-GB"},{"@type":"Organization","@id":"https:\/\/rentalpanda.es\/en\/#organization","name":"Rentalpanda.es","url":"https:\/\/rentalpanda.es\/en\/","logo":{"@type":"ImageObject","inLanguage":"en-GB","@id":"https:\/\/rentalpanda.es\/en\/#\/schema\/logo\/image\/","url":"https:\/\/rentalpanda.es\/wp-content\/uploads\/2017\/02\/rentalpanda-logo-webseite-end.png","contentUrl":"https:\/\/rentalpanda.es\/wp-content\/uploads\/2017\/02\/rentalpanda-logo-webseite-end.png","width":260,"height":71,"caption":"Rentalpanda.es"},"image":{"@id":"https:\/\/rentalpanda.es\/en\/#\/schema\/logo\/image\/"},"sameAs":["https:\/\/www.facebook.com\/rentalpandamallorca"]}]}},"_links":{"self":[{"href":"https:\/\/rentalpanda.es\/en\/wp-json\/wp\/v2\/pages\/6878","targetHints":{"allow":["GET"]}}],"collection":[{"href":"https:\/\/rentalpanda.es\/en\/wp-json\/wp\/v2\/pages"}],"about":[{"href":"https:\/\/rentalpanda.es\/en\/wp-json\/wp\/v2\/types\/page"}],"author":[{"embeddable":true,"href":"https:\/\/rentalpanda.es\/en\/wp-json\/wp\/v2\/users\/1"}],"replies":[{"embeddable":true,"href":"https:\/\/rentalpanda.es\/en\/wp-json\/wp\/v2\/comments?post=6878"}],"version-history":[{"count":1,"href":"https:\/\/rentalpanda.es\/en\/wp-json\/wp\/v2\/pages\/6878\/revisions"}],"predecessor-version":[{"id":13917,"href":"https:\/\/rentalpanda.es\/en\/wp-json\/wp\/v2\/pages\/6878\/revisions\/13917"}],"wp:attachment":[{"href":"https:\/\/rentalpanda.es\/en\/wp-json\/wp\/v2\/media?parent=6878"}],"curies":[{"name":"wp","href":"https:\/\/api.w.org\/{rel}","templated":true}]}}