{"id":58,"date":"2016-06-13T16:11:07","date_gmt":"2016-06-13T16:11:07","guid":{"rendered":"http:\/\/sw-themes.com\/porto_dummy\/?page_id=58"},"modified":"2023-07-28T04:46:01","modified_gmt":"2023-07-28T04:46:01","slug":"about-us","status":"publish","type":"page","link":"https:\/\/rentalpanda.es\/en\/ueber-uns\/","title":{"rendered":"About us"},"content":{"rendered":"<div class=\"wpb-content-wrapper\"><div class=\"vc_row wpb_row row top-row wpb_custom_034b39d9bc6c6b310d69e39f0ccf274f\"><div class=\"vc_column_container col-md-12\"><div class=\"wpb_wrapper vc_column-inner\"><h3  class=\"vc_custom_heading vc_do_custom_heading wpb_custom_aa365bd5046e8294520b4e73732b9d15 align-left\" ><strong>About<\/strong> Us<\/h3>\r\n\t<div class=\"wpb_text_column wpb_content_element wpb_custom_7c91d232724f73626cc933bd95b25ff0\" >\r\n\t\t<div class=\"wpb_wrapper\">\r\n\t\t\t<p><img decoding=\"async\" class=\"alignright wp-image-2197 size-medium\" src=\"https:\/\/rentalpanda.es\/wp-content\/uploads\/2017\/02\/kategorie-strand-300x300.jpg\" alt=\"Kategorie Strand\" width=\"300\" height=\"300\" \/><\/p>\n<p>As parents who still love to travel, we know how challenging it can be to travel with two active and fun-loving kids. At home or on holiday, we always want to take the best care of our little ones and keep them comfortable and entertained at all times!<\/p>\n<p>That\u2019s why RentalPanda is here! We not only simplify your pre-holiday packing and help you to avoid extra airline costs, but we also make sure you can fully relax and enjoy your stay on Mallorca!<\/p>\n<p>We want to make it easy for families, couples, and singles to travel lighter and stress-free by providing a full range of hard-to-pack holiday essentials, including baby gear as well as beach and holiday home equipment. <i><b>Don\u2019t worry about car seats, strollers, or baby beds, or whether there will be a highchair available, or what your little ones will play with.<\/b><\/i><\/p>\n<p>Don\u2019t worry if you\u2019ll get a beach chair in the morning or about the sky-high prices that you will have to pay for them.<\/p>\n<p>All items you rent with us are clean, safe, and of good quality, so you don\u2019t need to worry about anything in your well-deserved holidays here on the beautiful island of Majorca!<\/p>\n<p>We help you to worry less and relax more! <strong>You'll save lots of luggage weight!<\/strong> RentalPanda.es supplies guests of hotels, holiday rental properties, and private residences on Mallorca with the highest-quality equipment they need to enjoy a completely stress-free vacation with or without young children.<\/p>\n<p>You shouldn't have to worry about whether you'll still be able to snag a free lounger in the morning or how much vacation money you'll have to shell out for it. <strong>For the little ones, we rent out a full range of baby gear,<\/strong> including infant and child car seats, travel beds, strollers, highchairs, balance bikes, scooters, safety products, and lots more.<\/p>\n<p>Beach lovers can hire, for instance, beach chairs, foldable sun loungers, beach blankets, and beach tents. <strong>We deliver to Palma Airport (and Rental Car Stations at the airport)<\/strong> and pick your products up before you fly back home.<\/p>\n<p>We also deliver your holiday gear to your holiday home, hotel, apartment, or finca. <strong>Full Service For You!<\/strong> And much more!<\/p>\n<p>If you don\u2019t find what you need on our website, please contact us anytime and we will try hard to fulfill your special requests!<\/p>\n<p>Thank you and HAPPY HOLIDAYS!<\/p>\n<p>Your Rentalpanda-Team<\/p>\n\r\n\t\t<\/div>\r\n\t<\/div>\r\n<div class=\"vc_empty_space\"   style=\"height: 32px\"><span class=\"vc_empty_space_inner\"><\/span><\/div><div class=\"porto-separator\"><style>.separator0b4048a7d648636085ac7b1d3ff7ccae:after {border-color:grey !important;}<\/style><hr class=\"separator-line  wpb_content_element align_center dashed separator0b4048a7d648636085ac7b1d3ff7ccae\"><\/div><div class=\"vc_empty_space\"   style=\"height: 32px\"><span class=\"vc_empty_space_inner\"><\/span><\/div><h5  class=\"vc_custom_heading vc_do_custom_heading wpb_custom_aa365bd5046e8294520b4e73732b9d15 align-left\" >Ein toller <strong>Tipp f\u00fcr Eltern<\/strong><\/h5>\r\n\t<div class=\"wpb_text_column wpb_content_element wpb_custom_7c91d232724f73626cc933bd95b25ff0\" >\r\n\t\t<div class=\"wpb_wrapper\">\r\n\t\t\t<p>Sie suchen nach einem ganz besonderem Geschenk f\u00fcr ihr Kind oder ein Geschenk f\u00fcr eine Taufe, einen Geburtstag oder wollen einem kleinen Schatz einfach nur so eine riesige Freude machen?<\/p>\n<p>Dann schauen Sie doch mal in der <strong>mi Galerie<\/strong>\u00a0vorbei - hier finden Sie handbemalte Kinderaccessoires, Illustrationen, und viele weitere personalisierte Geschenke f\u00fcr Klein und Gro\u00df! Jessica F\u00fcllenbach verkauft keine Massenware, sondern mit Liebe gestaltete Produkte, qualitativ hochwertig und hergestellt in Deutschland.<\/p>\n<p><a href=\"http:\/\/www.migalerie.de\/\" target=\"_blank\" rel=\"noopener noreferrer\"><img decoding=\"async\" class=\"alignnone wp-image-7718 size-medium\" src=\"https:\/\/rentalpanda.es\/wp-content\/uploads\/2018\/10\/mi-galerie-300x133.png\" alt=\"Mi Galerie Kinderaccessoires handgemacht\" width=\"300\" height=\"133\" \/><\/a><\/p>\n\r\n\t\t<\/div>\r\n\t<\/div>\r\n<\/div><\/div><\/div>\n<\/div>","protected":false},"excerpt":{"rendered":"\u00dcber Uns Als zweifache und immer noch sehr reiselustige Eltern wissen wir ganz genau, wie schwierig es sein kann mit zwei aktiven und anspruchsvollen Kindern in den Urlaub zu fahren. Ob zu Hause oder im Urlaub sind wir ja auch stets darauf bedacht, unsere kleinen Lieblinge zu besch\u00fctzen, zu umsorgen und sie dabei auch noch [...]","protected":false},"author":1,"featured_media":0,"parent":0,"menu_order":0,"comment_status":"closed","ping_status":"closed","template":"","meta":{"footnotes":""},"class_list":["post-58","page","type-page","status-publish","hentry"],"yoast_head":"<!-- This site is optimized with the Yoast SEO plugin v27.1.1 - https:\/\/yoast.com\/product\/yoast-seo-wordpress\/ -->\n<title>\u00dcber uns - Produkte Mieten auf Mallorca | RentalPanda.es<\/title>\n<meta name=\"description\" content=\"Wir vermieten eine gro\u00dfe Auswahl an Produkten f\u00fcr Baby &amp; Kind, f\u00fcr den Strand oder das Feriendomizil. Urlaub mit allen Extras &amp; ohne Stress!\" \/>\n<meta name=\"robots\" content=\"index, follow, max-snippet:-1, max-image-preview:large, max-video-preview:-1\" \/>\n<link rel=\"canonical\" href=\"https:\/\/rentalpanda.es\/en\/about-us\/\" \/>\n<meta property=\"og:locale\" content=\"en_GB\" \/>\n<meta property=\"og:type\" content=\"article\" \/>\n<meta property=\"og:title\" content=\"\u00dcber uns - Produkte Mieten auf Mallorca | RentalPanda.es\" \/>\n<meta property=\"og:description\" content=\"Wir vermieten eine gro\u00dfe Auswahl an Produkten f\u00fcr Baby &amp; Kind, f\u00fcr den Strand oder das Feriendomizil. Urlaub mit allen Extras &amp; ohne Stress!\" \/>\n<meta property=\"og:url\" content=\"https:\/\/rentalpanda.es\/en\/about-us\/\" \/>\n<meta property=\"og:site_name\" content=\"RentalPanda.es\" \/>\n<meta property=\"article:publisher\" content=\"https:\/\/www.facebook.com\/rentalpandamallorca\" \/>\n<meta property=\"article:modified_time\" content=\"2023-07-28T04:46:01+00:00\" \/>\n<meta property=\"og:image\" content=\"https:\/\/rentalpanda.es\/wp-content\/uploads\/2017\/02\/kategorie-strand-300x300.jpg\" \/>\n<meta name=\"twitter:card\" content=\"summary_large_image\" \/>\n<meta name=\"twitter:label1\" content=\"Estimated reading time\" \/>\n\t<meta name=\"twitter:data1\" content=\"4 minutes\" \/>\n<script type=\"application\/ld+json\" class=\"yoast-schema-graph\">{\"@context\":\"https:\/\/schema.org\",\"@graph\":[{\"@type\":\"WebPage\",\"@id\":\"https:\/\/rentalpanda.es\/ueber-uns\/\",\"url\":\"https:\/\/rentalpanda.es\/ueber-uns\/\",\"name\":\"\u00dcber uns - Produkte Mieten auf Mallorca | RentalPanda.es\",\"isPartOf\":{\"@id\":\"https:\/\/rentalpanda.es\/en\/#website\"},\"primaryImageOfPage\":{\"@id\":\"https:\/\/rentalpanda.es\/ueber-uns\/#primaryimage\"},\"image\":{\"@id\":\"https:\/\/rentalpanda.es\/ueber-uns\/#primaryimage\"},\"thumbnailUrl\":\"https:\/\/rentalpanda.es\/wp-content\/uploads\/2017\/02\/kategorie-strand-300x300.jpg\",\"datePublished\":\"2016-06-13T16:11:07+00:00\",\"dateModified\":\"2023-07-28T04:46:01+00:00\",\"description\":\"Wir vermieten eine gro\u00dfe Auswahl an Produkten f\u00fcr Baby & Kind, f\u00fcr den Strand oder das Feriendomizil. Urlaub mit allen Extras & ohne Stress!\",\"breadcrumb\":{\"@id\":\"https:\/\/rentalpanda.es\/ueber-uns\/#breadcrumb\"},\"inLanguage\":\"en-GB\",\"potentialAction\":[{\"@type\":\"ReadAction\",\"target\":[\"https:\/\/rentalpanda.es\/ueber-uns\/\"]}]},{\"@type\":\"ImageObject\",\"inLanguage\":\"en-GB\",\"@id\":\"https:\/\/rentalpanda.es\/ueber-uns\/#primaryimage\",\"url\":\"https:\/\/rentalpanda.es\/wp-content\/uploads\/2017\/02\/kategorie-strand-300x300.jpg\",\"contentUrl\":\"https:\/\/rentalpanda.es\/wp-content\/uploads\/2017\/02\/kategorie-strand-300x300.jpg\"},{\"@type\":\"BreadcrumbList\",\"@id\":\"https:\/\/rentalpanda.es\/ueber-uns\/#breadcrumb\",\"itemListElement\":[{\"@type\":\"ListItem\",\"position\":1,\"name\":\"Startseite\",\"item\":\"https:\/\/rentalpanda.es\/\"},{\"@type\":\"ListItem\",\"position\":2,\"name\":\"\u00dcber Uns\"}]},{\"@type\":\"WebSite\",\"@id\":\"https:\/\/rentalpanda.es\/en\/#website\",\"url\":\"https:\/\/rentalpanda.es\/en\/\",\"name\":\"RentalPanda.es\",\"description\":\"Baby, Beach &amp; Holiday Gear for Rent\",\"publisher\":{\"@id\":\"https:\/\/rentalpanda.es\/en\/#organization\"},\"potentialAction\":[{\"@type\":\"SearchAction\",\"target\":{\"@type\":\"EntryPoint\",\"urlTemplate\":\"https:\/\/rentalpanda.es\/en\/?s={search_term_string}\"},\"query-input\":{\"@type\":\"PropertyValueSpecification\",\"valueRequired\":true,\"valueName\":\"search_term_string\"}}],\"inLanguage\":\"en-GB\"},{\"@type\":\"Organization\",\"@id\":\"https:\/\/rentalpanda.es\/en\/#organization\",\"name\":\"Rentalpanda.es\",\"url\":\"https:\/\/rentalpanda.es\/en\/\",\"logo\":{\"@type\":\"ImageObject\",\"inLanguage\":\"en-GB\",\"@id\":\"https:\/\/rentalpanda.es\/en\/#\/schema\/logo\/image\/\",\"url\":\"https:\/\/rentalpanda.es\/wp-content\/uploads\/2017\/02\/rentalpanda-logo-webseite-end.png\",\"contentUrl\":\"https:\/\/rentalpanda.es\/wp-content\/uploads\/2017\/02\/rentalpanda-logo-webseite-end.png\",\"width\":260,\"height\":71,\"caption\":\"Rentalpanda.es\"},\"image\":{\"@id\":\"https:\/\/rentalpanda.es\/en\/#\/schema\/logo\/image\/\"},\"sameAs\":[\"https:\/\/www.facebook.com\/rentalpandamallorca\"]}]}<\/script>\n<!-- \/ Yoast SEO plugin. -->","yoast_head_json":{"title":"About us - Rent Baby Equipment in Mallorca | RentalPanda.es","description":"Wir vermieten eine gro\u00dfe Auswahl an Produkten f\u00fcr Baby & Kind, f\u00fcr den Strand oder das Feriendomizil. Urlaub mit allen Extras & ohne Stress!","robots":{"index":"index","follow":"follow","max-snippet":"max-snippet:-1","max-image-preview":"max-image-preview:large","max-video-preview":"max-video-preview:-1"},"canonical":"https:\/\/rentalpanda.es\/en\/about-us\/","og_locale":"en_GB","og_type":"article","og_title":"\u00dcber uns - Produkte Mieten auf Mallorca | RentalPanda.es","og_description":"Wir vermieten eine gro\u00dfe Auswahl an Produkten f\u00fcr Baby & Kind, f\u00fcr den Strand oder das Feriendomizil. Urlaub mit allen Extras & ohne Stress!","og_url":"https:\/\/rentalpanda.es\/en\/about-us\/","og_site_name":"RentalPanda.es","article_publisher":"https:\/\/www.facebook.com\/rentalpandamallorca","article_modified_time":"2023-07-28T04:46:01+00:00","og_image":[{"url":"https:\/\/rentalpanda.es\/wp-content\/uploads\/2017\/02\/kategorie-strand-300x300.jpg","type":"","width":"","height":""}],"twitter_card":"summary_large_image","twitter_misc":{"Estimated reading time":"4 minutes"},"schema":{"@context":"https:\/\/schema.org","@graph":[{"@type":"WebPage","@id":"https:\/\/rentalpanda.es\/ueber-uns\/","url":"https:\/\/rentalpanda.es\/ueber-uns\/","name":"About us - Rent Baby Equipment in Mallorca | RentalPanda.es","isPartOf":{"@id":"https:\/\/rentalpanda.es\/en\/#website"},"primaryImageOfPage":{"@id":"https:\/\/rentalpanda.es\/ueber-uns\/#primaryimage"},"image":{"@id":"https:\/\/rentalpanda.es\/ueber-uns\/#primaryimage"},"thumbnailUrl":"https:\/\/rentalpanda.es\/wp-content\/uploads\/2017\/02\/kategorie-strand-300x300.jpg","datePublished":"2016-06-13T16:11:07+00:00","dateModified":"2023-07-28T04:46:01+00:00","description":"Wir vermieten eine gro\u00dfe Auswahl an Produkten f\u00fcr Baby & Kind, f\u00fcr den Strand oder das Feriendomizil. Urlaub mit allen Extras & ohne Stress!","breadcrumb":{"@id":"https:\/\/rentalpanda.es\/ueber-uns\/#breadcrumb"},"inLanguage":"en-GB","potentialAction":[{"@type":"ReadAction","target":["https:\/\/rentalpanda.es\/ueber-uns\/"]}]},{"@type":"ImageObject","inLanguage":"en-GB","@id":"https:\/\/rentalpanda.es\/ueber-uns\/#primaryimage","url":"https:\/\/rentalpanda.es\/wp-content\/uploads\/2017\/02\/kategorie-strand-300x300.jpg","contentUrl":"https:\/\/rentalpanda.es\/wp-content\/uploads\/2017\/02\/kategorie-strand-300x300.jpg"},{"@type":"BreadcrumbList","@id":"https:\/\/rentalpanda.es\/ueber-uns\/#breadcrumb","itemListElement":[{"@type":"ListItem","position":1,"name":"Startseite","item":"https:\/\/rentalpanda.es\/"},{"@type":"ListItem","position":2,"name":"\u00dcber Uns"}]},{"@type":"WebSite","@id":"https:\/\/rentalpanda.es\/en\/#website","url":"https:\/\/rentalpanda.es\/en\/","name":"RentalPanda.es","description":"Baby, Beach &amp; Holiday Gear for Rent","publisher":{"@id":"https:\/\/rentalpanda.es\/en\/#organization"},"potentialAction":[{"@type":"SearchAction","target":{"@type":"EntryPoint","urlTemplate":"https:\/\/rentalpanda.es\/en\/?s={search_term_string}"},"query-input":{"@type":"PropertyValueSpecification","valueRequired":true,"valueName":"search_term_string"}}],"inLanguage":"en-GB"},{"@type":"Organization","@id":"https:\/\/rentalpanda.es\/en\/#organization","name":"Rentalpanda.es","url":"https:\/\/rentalpanda.es\/en\/","logo":{"@type":"ImageObject","inLanguage":"en-GB","@id":"https:\/\/rentalpanda.es\/en\/#\/schema\/logo\/image\/","url":"https:\/\/rentalpanda.es\/wp-content\/uploads\/2017\/02\/rentalpanda-logo-webseite-end.png","contentUrl":"https:\/\/rentalpanda.es\/wp-content\/uploads\/2017\/02\/rentalpanda-logo-webseite-end.png","width":260,"height":71,"caption":"Rentalpanda.es"},"image":{"@id":"https:\/\/rentalpanda.es\/en\/#\/schema\/logo\/image\/"},"sameAs":["https:\/\/www.facebook.com\/rentalpandamallorca"]}]}},"_links":{"self":[{"href":"https:\/\/rentalpanda.es\/en\/wp-json\/wp\/v2\/pages\/58","targetHints":{"allow":["GET"]}}],"collection":[{"href":"https:\/\/rentalpanda.es\/en\/wp-json\/wp\/v2\/pages"}],"about":[{"href":"https:\/\/rentalpanda.es\/en\/wp-json\/wp\/v2\/types\/page"}],"author":[{"embeddable":true,"href":"https:\/\/rentalpanda.es\/en\/wp-json\/wp\/v2\/users\/1"}],"replies":[{"embeddable":true,"href":"https:\/\/rentalpanda.es\/en\/wp-json\/wp\/v2\/comments?post=58"}],"version-history":[{"count":2,"href":"https:\/\/rentalpanda.es\/en\/wp-json\/wp\/v2\/pages\/58\/revisions"}],"predecessor-version":[{"id":13921,"href":"https:\/\/rentalpanda.es\/en\/wp-json\/wp\/v2\/pages\/58\/revisions\/13921"}],"wp:attachment":[{"href":"https:\/\/rentalpanda.es\/en\/wp-json\/wp\/v2\/media?parent=58"}],"curies":[{"name":"wp","href":"https:\/\/api.w.org\/{rel}","templated":true}]}}