{"id":19132,"date":"2025-02-11T06:35:12","date_gmt":"2025-02-11T06:35:12","guid":{"rendered":"https:\/\/rentalpanda.es\/?page_id=19132"},"modified":"2025-03-20T02:53:59","modified_gmt":"2025-03-20T02:53:59","slug":"meeting-point","status":"publish","type":"page","link":"https:\/\/rentalpanda.es\/en\/uebergabe\/","title":{"rendered":"Meeting Point Details"},"content":{"rendered":"<div class=\"wpb-content-wrapper\"><div class=\"vc_row wpb_row row top-row wpb_custom_034b39d9bc6c6b310d69e39f0ccf274f\"><div class=\"vc_column_container col-md-12\"><div class=\"wpb_wrapper vc_column-inner\"><h2 style=\"color: #111111\" class=\"vc_custom_heading vc_do_custom_heading m-t wpb_custom_aa365bd5046e8294520b4e73732b9d15 align-left\" >Meeting Point Details<\/h2><\/div><\/div><\/div><div class=\"vc_row wpb_row row top-row wpb_custom_034b39d9bc6c6b310d69e39f0ccf274f\"><div class=\"vc_column_container col-md-12\"><div class=\"wpb_wrapper vc_column-inner\">\r\n\t<div class=\"wpb_text_column wpb_content_element wpb_custom_7c91d232724f73626cc933bd95b25ff0\" >\r\n\t\t<div class=\"wpb_wrapper\">\r\n\t\t\t<p align=\"LEFT\"><span style=\"font-family: Arial, sans-serif;\"><span style=\"font-size: small;\"><b>Situation 1: Your car rental station is at Palma de Mallorca Airport!<br \/>\n<\/b><i>Please contact us via WhatsApp RentalPanda.es: +34 685 41 42 60. Approximately <strong>30 minutes later<\/strong> we meet here:\u00a0<\/i><br \/>\nExit the airport building towards the large parking garage and the car rental stations. At the terminal exit, you will see a moving walkway, which you should follow. Continue straight ahead to the entrance of the large parking garage. <\/span><\/span><span style=\"font-family: Arial, sans-serif;\"><span style=\"font-size: small;\"><b>There you will find the BAR FG COFFEE \/ BELLOTA TAKE AWAY as well as a 15-minute free parking zone where our delivery van can stop - that is our meeting point!<\/b><\/span><\/span><\/p>\n<p align=\"LEFT\"><span style=\"font-family: Arial, sans-serif;\"><span style=\"font-size: small;\"><b><img decoding=\"async\" class=\"alignnone wp-image-19524 size-full\" src=\"https:\/\/rentalpanda.es\/wp-content\/uploads\/2025\/03\/treffpunkt_flughafen_rentalpanda.jpg\" alt=\"treffpunkt_flughafen_rentalpanda\" width=\"934\" height=\"618\" srcset=\"https:\/\/rentalpanda.es\/wp-content\/uploads\/2025\/03\/treffpunkt_flughafen_rentalpanda.jpg 934w, https:\/\/rentalpanda.es\/wp-content\/uploads\/2025\/03\/treffpunkt_flughafen_rentalpanda-768x508.jpg 768w, https:\/\/rentalpanda.es\/wp-content\/uploads\/2025\/03\/treffpunkt_flughafen_rentalpanda-640x423.jpg 640w, https:\/\/rentalpanda.es\/wp-content\/uploads\/2025\/03\/treffpunkt_flughafen_rentalpanda-400x265.jpg 400w, https:\/\/rentalpanda.es\/wp-content\/uploads\/2025\/03\/treffpunkt_flughafen_rentalpanda-600x397.jpg 600w\" sizes=\"(max-width: 934px) 100vw, 934px\" \/><\/b><\/span><\/span><\/p>\n<p align=\"LEFT\"><span style=\"font-family: Arial, sans-serif;\"><span style=\"font-size: small;\"><b>Situation 2: You need to take the SHUTTLE to your car rental station!<br \/>\n<\/b><i>Please contact us via WhatsApp RentalPanda.es: +34 685 41 42 60. Approximately <strong>30 minutes later<\/strong> we meet here:<\/i><br \/>\n<\/span><\/span><span style=\"color: #222222;\"><span style=\"font-family: Arial, sans-serif;\"><span style=\"font-size: small;\">Once you have your luggage, walk out of the airport building and then turn left towards the large parking garage opposite. On the left side (see red arrow), go through the building to the shuttle bus parking lot.<\/span><\/span><\/span><\/p>\n<p align=\"LEFT\"><span style=\"font-family: Arial, sans-serif;\"><span style=\"font-size: small;\"><b><img decoding=\"async\" class=\"alignnone wp-image-19527 size-full\" src=\"https:\/\/rentalpanda.es\/wp-content\/uploads\/2025\/03\/treffpunkt_shuttle_rentalpanda1.jpg\" alt=\"treffpunkt_shuttle_rentalpanda\" width=\"934\" height=\"349\" srcset=\"https:\/\/rentalpanda.es\/wp-content\/uploads\/2025\/03\/treffpunkt_shuttle_rentalpanda1.jpg 934w, https:\/\/rentalpanda.es\/wp-content\/uploads\/2025\/03\/treffpunkt_shuttle_rentalpanda1-768x287.jpg 768w, https:\/\/rentalpanda.es\/wp-content\/uploads\/2025\/03\/treffpunkt_shuttle_rentalpanda1-640x239.jpg 640w, https:\/\/rentalpanda.es\/wp-content\/uploads\/2025\/03\/treffpunkt_shuttle_rentalpanda1-400x149.jpg 400w, https:\/\/rentalpanda.es\/wp-content\/uploads\/2025\/03\/treffpunkt_shuttle_rentalpanda1-600x224.jpg 600w\" sizes=\"(max-width: 934px) 100vw, 934px\" \/><\/b><\/span><\/span><\/p>\n<p align=\"LEFT\"><span style=\"color: #222222;\"><span style=\"font-family: Arial, sans-serif;\"><span style=\"font-size: small;\">We will bring your order to the shuttle bus parking lot:<\/span><\/span><\/span><\/p>\n<p align=\"LEFT\"><span style=\"font-family: Arial, sans-serif;\"><span style=\"font-size: small;\"><b><img decoding=\"async\" class=\"alignnone wp-image-19530 size-full\" src=\"https:\/\/rentalpanda.es\/wp-content\/uploads\/2025\/03\/treffpunkt_shuttle_rentalpanda2.jpg\" alt=\"treffpunkt_shuttleservice_rentalpanda\" width=\"934\" height=\"476\" srcset=\"https:\/\/rentalpanda.es\/wp-content\/uploads\/2025\/03\/treffpunkt_shuttle_rentalpanda2.jpg 934w, https:\/\/rentalpanda.es\/wp-content\/uploads\/2025\/03\/treffpunkt_shuttle_rentalpanda2-768x391.jpg 768w, https:\/\/rentalpanda.es\/wp-content\/uploads\/2025\/03\/treffpunkt_shuttle_rentalpanda2-640x326.jpg 640w, https:\/\/rentalpanda.es\/wp-content\/uploads\/2025\/03\/treffpunkt_shuttle_rentalpanda2-400x204.jpg 400w, https:\/\/rentalpanda.es\/wp-content\/uploads\/2025\/03\/treffpunkt_shuttle_rentalpanda2-600x306.jpg 600w\" sizes=\"(max-width: 934px) 100vw, 934px\" \/><\/b><\/span><\/span><\/p>\n\r\n\t\t<\/div>\r\n\t<\/div>\r\n<\/div><\/div><\/div>\n<\/div>","protected":false},"excerpt":{"rendered":"Informationen zur \u00dcbergabe Situation 1: Ihre Mietwagenstation ist am Palma de Mallorca Flughafen! Bitte kontaktieren Sie uns \u00fcber WhatsApp RentalPanda.es: +34 685 41 42 60. Ungef\u00e4hr 30 Minuten sp\u00e4ter treffen wir uns hier:\u00a0 Verlassen Sie das Flughafengeb\u00e4ude in Richtung des gro\u00dfen Parkhauses und der Mietwagenstationen. Am Ausgang des Terminals sehen Sie ein Rollband, dem Sie [...]","protected":false},"author":1,"featured_media":0,"parent":0,"menu_order":0,"comment_status":"closed","ping_status":"closed","template":"","meta":{"footnotes":""},"class_list":["post-19132","page","type-page","status-publish","hentry"],"yoast_head":"<!-- This site is optimized with the Yoast SEO plugin v27.1.1 - https:\/\/yoast.com\/product\/yoast-seo-wordpress\/ -->\n<title>Informationen zur \u00dcbergabe - RentalPanda.es<\/title>\n<meta name=\"description\" content=\"Sie haben Auto und Kindersitz am Flughafen gemietet? Ihre RentalPanda-Produkte: Alle Infos zu \u00dcbergabe, R\u00fcckgabe und Treffpunkt.\" \/>\n<meta name=\"robots\" content=\"index, follow, max-snippet:-1, max-image-preview:large, max-video-preview:-1\" \/>\n<link rel=\"canonical\" href=\"https:\/\/rentalpanda.es\/en\/meeting-point\/\" \/>\n<meta property=\"og:locale\" content=\"en_GB\" \/>\n<meta property=\"og:type\" content=\"article\" \/>\n<meta property=\"og:title\" content=\"Informationen zur \u00dcbergabe - RentalPanda.es\" \/>\n<meta property=\"og:description\" content=\"Sie haben Auto und Kindersitz am Flughafen gemietet? Ihre RentalPanda-Produkte: Alle Infos zu \u00dcbergabe, R\u00fcckgabe und Treffpunkt.\" \/>\n<meta property=\"og:url\" content=\"https:\/\/rentalpanda.es\/en\/meeting-point\/\" \/>\n<meta property=\"og:site_name\" content=\"RentalPanda.es\" \/>\n<meta property=\"article:publisher\" content=\"https:\/\/www.facebook.com\/rentalpandamallorca\" \/>\n<meta property=\"article:modified_time\" content=\"2025-03-20T02:53:59+00:00\" \/>\n<meta property=\"og:image\" content=\"https:\/\/rentalpanda.es\/wp-content\/uploads\/2025\/03\/treffpunkt_flughafen_rentalpanda.jpg\" \/>\n\t<meta property=\"og:image:width\" content=\"934\" \/>\n\t<meta property=\"og:image:height\" content=\"618\" \/>\n\t<meta property=\"og:image:type\" content=\"image\/jpeg\" \/>\n<meta name=\"twitter:card\" content=\"summary_large_image\" \/>\n<meta name=\"twitter:label1\" content=\"Estimated reading time\" \/>\n\t<meta name=\"twitter:data1\" content=\"2 minutes\" \/>\n<script type=\"application\/ld+json\" class=\"yoast-schema-graph\">{\"@context\":\"https:\/\/schema.org\",\"@graph\":[{\"@type\":\"WebPage\",\"@id\":\"https:\/\/rentalpanda.es\/uebergabe\/\",\"url\":\"https:\/\/rentalpanda.es\/uebergabe\/\",\"name\":\"Informationen zur \u00dcbergabe - RentalPanda.es\",\"isPartOf\":{\"@id\":\"https:\/\/rentalpanda.es\/en\/#website\"},\"primaryImageOfPage\":{\"@id\":\"https:\/\/rentalpanda.es\/uebergabe\/#primaryimage\"},\"image\":{\"@id\":\"https:\/\/rentalpanda.es\/uebergabe\/#primaryimage\"},\"thumbnailUrl\":\"https:\/\/rentalpanda.es\/wp-content\/uploads\/2025\/03\/treffpunkt_flughafen_rentalpanda.jpg\",\"datePublished\":\"2025-02-11T06:35:12+00:00\",\"dateModified\":\"2025-03-20T02:53:59+00:00\",\"description\":\"Sie haben Auto und Kindersitz am Flughafen gemietet? Ihre RentalPanda-Produkte: Alle Infos zu \u00dcbergabe, R\u00fcckgabe und Treffpunkt.\",\"breadcrumb\":{\"@id\":\"https:\/\/rentalpanda.es\/uebergabe\/#breadcrumb\"},\"inLanguage\":\"en-GB\",\"potentialAction\":[{\"@type\":\"ReadAction\",\"target\":[\"https:\/\/rentalpanda.es\/uebergabe\/\"]}]},{\"@type\":\"ImageObject\",\"inLanguage\":\"en-GB\",\"@id\":\"https:\/\/rentalpanda.es\/uebergabe\/#primaryimage\",\"url\":\"https:\/\/rentalpanda.es\/wp-content\/uploads\/2025\/03\/treffpunkt_flughafen_rentalpanda.jpg\",\"contentUrl\":\"https:\/\/rentalpanda.es\/wp-content\/uploads\/2025\/03\/treffpunkt_flughafen_rentalpanda.jpg\"},{\"@type\":\"BreadcrumbList\",\"@id\":\"https:\/\/rentalpanda.es\/uebergabe\/#breadcrumb\",\"itemListElement\":[{\"@type\":\"ListItem\",\"position\":1,\"name\":\"Startseite\",\"item\":\"https:\/\/rentalpanda.es\/\"},{\"@type\":\"ListItem\",\"position\":2,\"name\":\"Informationen zur \u00dcbergabe\"}]},{\"@type\":\"WebSite\",\"@id\":\"https:\/\/rentalpanda.es\/en\/#website\",\"url\":\"https:\/\/rentalpanda.es\/en\/\",\"name\":\"RentalPanda.es\",\"description\":\"Baby, Beach &amp; Holiday Gear for Rent\",\"publisher\":{\"@id\":\"https:\/\/rentalpanda.es\/en\/#organization\"},\"potentialAction\":[{\"@type\":\"SearchAction\",\"target\":{\"@type\":\"EntryPoint\",\"urlTemplate\":\"https:\/\/rentalpanda.es\/en\/?s={search_term_string}\"},\"query-input\":{\"@type\":\"PropertyValueSpecification\",\"valueRequired\":true,\"valueName\":\"search_term_string\"}}],\"inLanguage\":\"en-GB\"},{\"@type\":\"Organization\",\"@id\":\"https:\/\/rentalpanda.es\/en\/#organization\",\"name\":\"Rentalpanda.es\",\"url\":\"https:\/\/rentalpanda.es\/en\/\",\"logo\":{\"@type\":\"ImageObject\",\"inLanguage\":\"en-GB\",\"@id\":\"https:\/\/rentalpanda.es\/en\/#\/schema\/logo\/image\/\",\"url\":\"https:\/\/rentalpanda.es\/wp-content\/uploads\/2017\/02\/rentalpanda-logo-webseite-end.png\",\"contentUrl\":\"https:\/\/rentalpanda.es\/wp-content\/uploads\/2017\/02\/rentalpanda-logo-webseite-end.png\",\"width\":260,\"height\":71,\"caption\":\"Rentalpanda.es\"},\"image\":{\"@id\":\"https:\/\/rentalpanda.es\/en\/#\/schema\/logo\/image\/\"},\"sameAs\":[\"https:\/\/www.facebook.com\/rentalpandamallorca\"]}]}<\/script>\n<!-- \/ Yoast SEO plugin. -->","yoast_head_json":{"title":"Meeting Point Information - RentalPanda.es","description":"Rented a Car and Child Seat at the Airport? Your RentalPanda Products: All Info on Handover, Return, and Meeting Point.","robots":{"index":"index","follow":"follow","max-snippet":"max-snippet:-1","max-image-preview":"max-image-preview:large","max-video-preview":"max-video-preview:-1"},"canonical":"https:\/\/rentalpanda.es\/en\/meeting-point\/","og_locale":"en_GB","og_type":"article","og_title":"Informationen zur \u00dcbergabe - RentalPanda.es","og_description":"Sie haben Auto und Kindersitz am Flughafen gemietet? Ihre RentalPanda-Produkte: Alle Infos zu \u00dcbergabe, R\u00fcckgabe und Treffpunkt.","og_url":"https:\/\/rentalpanda.es\/en\/meeting-point\/","og_site_name":"RentalPanda.es","article_publisher":"https:\/\/www.facebook.com\/rentalpandamallorca","article_modified_time":"2025-03-20T02:53:59+00:00","og_image":[{"width":934,"height":618,"url":"https:\/\/rentalpanda.es\/wp-content\/uploads\/2025\/03\/treffpunkt_flughafen_rentalpanda.jpg","type":"image\/jpeg"}],"twitter_card":"summary_large_image","twitter_misc":{"Estimated reading time":"2 minutes"},"schema":{"@context":"https:\/\/schema.org","@graph":[{"@type":"WebPage","@id":"https:\/\/rentalpanda.es\/uebergabe\/","url":"https:\/\/rentalpanda.es\/uebergabe\/","name":"Meeting Point Information - RentalPanda.es","isPartOf":{"@id":"https:\/\/rentalpanda.es\/en\/#website"},"primaryImageOfPage":{"@id":"https:\/\/rentalpanda.es\/uebergabe\/#primaryimage"},"image":{"@id":"https:\/\/rentalpanda.es\/uebergabe\/#primaryimage"},"thumbnailUrl":"https:\/\/rentalpanda.es\/wp-content\/uploads\/2025\/03\/treffpunkt_flughafen_rentalpanda.jpg","datePublished":"2025-02-11T06:35:12+00:00","dateModified":"2025-03-20T02:53:59+00:00","description":"Rented a Car and Child Seat at the Airport? Your RentalPanda Products: All Info on Handover, Return, and Meeting Point.","breadcrumb":{"@id":"https:\/\/rentalpanda.es\/uebergabe\/#breadcrumb"},"inLanguage":"en-GB","potentialAction":[{"@type":"ReadAction","target":["https:\/\/rentalpanda.es\/uebergabe\/"]}]},{"@type":"ImageObject","inLanguage":"en-GB","@id":"https:\/\/rentalpanda.es\/uebergabe\/#primaryimage","url":"https:\/\/rentalpanda.es\/wp-content\/uploads\/2025\/03\/treffpunkt_flughafen_rentalpanda.jpg","contentUrl":"https:\/\/rentalpanda.es\/wp-content\/uploads\/2025\/03\/treffpunkt_flughafen_rentalpanda.jpg"},{"@type":"BreadcrumbList","@id":"https:\/\/rentalpanda.es\/uebergabe\/#breadcrumb","itemListElement":[{"@type":"ListItem","position":1,"name":"Startseite","item":"https:\/\/rentalpanda.es\/"},{"@type":"ListItem","position":2,"name":"Informationen zur \u00dcbergabe"}]},{"@type":"WebSite","@id":"https:\/\/rentalpanda.es\/en\/#website","url":"https:\/\/rentalpanda.es\/en\/","name":"RentalPanda.es","description":"Baby, Beach &amp; Holiday Gear for Rent","publisher":{"@id":"https:\/\/rentalpanda.es\/en\/#organization"},"potentialAction":[{"@type":"SearchAction","target":{"@type":"EntryPoint","urlTemplate":"https:\/\/rentalpanda.es\/en\/?s={search_term_string}"},"query-input":{"@type":"PropertyValueSpecification","valueRequired":true,"valueName":"search_term_string"}}],"inLanguage":"en-GB"},{"@type":"Organization","@id":"https:\/\/rentalpanda.es\/en\/#organization","name":"Rentalpanda.es","url":"https:\/\/rentalpanda.es\/en\/","logo":{"@type":"ImageObject","inLanguage":"en-GB","@id":"https:\/\/rentalpanda.es\/en\/#\/schema\/logo\/image\/","url":"https:\/\/rentalpanda.es\/wp-content\/uploads\/2017\/02\/rentalpanda-logo-webseite-end.png","contentUrl":"https:\/\/rentalpanda.es\/wp-content\/uploads\/2017\/02\/rentalpanda-logo-webseite-end.png","width":260,"height":71,"caption":"Rentalpanda.es"},"image":{"@id":"https:\/\/rentalpanda.es\/en\/#\/schema\/logo\/image\/"},"sameAs":["https:\/\/www.facebook.com\/rentalpandamallorca"]}]}},"_links":{"self":[{"href":"https:\/\/rentalpanda.es\/en\/wp-json\/wp\/v2\/pages\/19132","targetHints":{"allow":["GET"]}}],"collection":[{"href":"https:\/\/rentalpanda.es\/en\/wp-json\/wp\/v2\/pages"}],"about":[{"href":"https:\/\/rentalpanda.es\/en\/wp-json\/wp\/v2\/types\/page"}],"author":[{"embeddable":true,"href":"https:\/\/rentalpanda.es\/en\/wp-json\/wp\/v2\/users\/1"}],"replies":[{"embeddable":true,"href":"https:\/\/rentalpanda.es\/en\/wp-json\/wp\/v2\/comments?post=19132"}],"version-history":[{"count":11,"href":"https:\/\/rentalpanda.es\/en\/wp-json\/wp\/v2\/pages\/19132\/revisions"}],"predecessor-version":[{"id":19546,"href":"https:\/\/rentalpanda.es\/en\/wp-json\/wp\/v2\/pages\/19132\/revisions\/19546"}],"wp:attachment":[{"href":"https:\/\/rentalpanda.es\/en\/wp-json\/wp\/v2\/media?parent=19132"}],"curies":[{"name":"wp","href":"https:\/\/api.w.org\/{rel}","templated":true}]}}